{"id":296,"date":"2012-05-02T23:57:51","date_gmt":"2012-05-02T21:57:51","guid":{"rendered":"http:\/\/karate-belp.datix.ch\/?page_id=296"},"modified":"2023-03-02T11:02:43","modified_gmt":"2023-03-02T09:02:43","slug":"trainingsaufbau","status":"publish","type":"page","link":"https:\/\/karate-belp.ch\/?page_id=296","title":{"rendered":"Trainingsaufbau"},"content":{"rendered":"<p>[et_pb_section fb_built=&#8220;1&#8243; admin_label=&#8220;section&#8220; _builder_version=&#8220;4.16&#8243; global_colors_info=&#8220;{}&#8220;][et_pb_row _builder_version=&#8220;4.20.0&#8243; _module_preset=&#8220;default&#8220; global_colors_info=&#8220;{}&#8220;][et_pb_column type=&#8220;4_4&#8243; _builder_version=&#8220;4.20.0&#8243; _module_preset=&#8220;default&#8220; global_colors_info=&#8220;{}&#8220;][et_pb_image src=&#8220;https:\/\/karate-belp.ch\/wp-content\/uploads\/cropped-cropped-cropped-cropped-logo-mit-Text-lang-trans-1-1.png&#8220; title_text=&#8220;cropped-cropped-cropped-cropped-logo-mit-Text-lang-trans-1-1.png&#8220; align=&#8220;right&#8220; admin_label=&#8220;Logorechts&#8220; _builder_version=&#8220;4.20.0&#8243; _module_preset=&#8220;default&#8220; z_index=&#8220;500&#8243; width=&#8220;12%&#8220; global_colors_info=&#8220;{}&#8220;][\/et_pb_image][et_pb_menu _builder_version=&#8220;4.20.0&#8243; _module_preset=&#8220;default&#8220; global_colors_info=&#8220;{}&#8220;][\/et_pb_menu][et_pb_post_nav _builder_version=&#8220;4.20.0&#8243; _module_preset=&#8220;default&#8220; global_colors_info=&#8220;{}&#8220;][\/et_pb_post_nav][et_pb_divider color=&#8220;#ff4c00&#8243; divider_weight=&#8220;2px&#8220; _builder_version=&#8220;4.16&#8243; max_width=&#8220;140px&#8220; module_alignment=&#8220;left&#8220; height=&#8220;10px&#8220; custom_margin=&#8220;|||&#8220; animation_style=&#8220;fade&#8220; locked=&#8220;off&#8220; global_colors_info=&#8220;{}&#8220;][\/et_pb_divider][et_pb_text admin_label=&#8220;probetraining title&#8220; _builder_version=&#8220;4.20.0&#8243; text_font=&#8220;||||||||&#8220; header_font=&#8220;||||||||&#8220; header_2_font=&#8220;Oswald|700|on|on|||||&#8220; header_2_font_size=&#8220;14vw&#8220; header_2_letter_spacing=&#8220;0.18em&#8220; background_layout=&#8220;dark&#8220; custom_margin_tablet=&#8220;|||0vw&#8220; custom_margin_phone=&#8220;||&#8220; custom_margin_last_edited=&#8220;off|desktop&#8220; animation_style=&#8220;slide&#8220; animation_direction=&#8220;left&#8220; animation_delay=&#8220;100ms&#8220; animation_intensity_slide=&#8220;10%&#8220; header_2_font_size_tablet=&#8220;7.5vw&#8220; header_2_font_size_last_edited=&#8220;off|desktop&#8220; header_2_text_shadow_style=&#8220;preset3&#8243; header_2_text_shadow_horizontal_length=&#8220;-0.14em&#8220; header_2_text_shadow_vertical_length=&#8220;0.1em&#8220; header_2_text_shadow_blur_strength=&#8220;0.8em&#8220; header_2_text_shadow_color=&#8220;rgba(149,173,193,0.46)&#8220; locked=&#8220;off&#8220; global_colors_info=&#8220;{}&#8220; custom_margin__hover_enabled=&#8220;on&#8220; custom_margin__hover=&#8220;|||5px&#8220;]<\/p>\n<h3><span style=\"color: #ff9900;\">Training<\/span><\/h3>\n<p>[\/et_pb_text][\/et_pb_column][\/et_pb_row][et_pb_row column_structure=&#8220;1_2,1_2&#8243; admin_label=&#8220;row&#8220; _builder_version=&#8220;4.20.0&#8243; background_size=&#8220;initial&#8220; background_position=&#8220;top_left&#8220; background_repeat=&#8220;repeat&#8220; global_colors_info=&#8220;{}&#8220;][et_pb_column type=&#8220;1_2&#8243; _builder_version=&#8220;4.16&#8243; custom_padding=&#8220;|||&#8220; global_colors_info=&#8220;{}&#8220; custom_padding__hover=&#8220;|||&#8220;][et_pb_text admin_label=&#8220;Text&#8220; _builder_version=&#8220;4.20.0&#8243; background_size=&#8220;initial&#8220; background_position=&#8220;top_left&#8220; background_repeat=&#8220;repeat&#8220; global_colors_info=&#8220;{}&#8220;]<\/p>\n<p>Das Training folgt einigen Regeln, ist aber eigentlich nicht festgelegt und wird spannend und abwechslungsreich gestaltet.<\/p>\n<p>Das Training beginnt und endet mit einer Begr\u00fcssungszeremonie, die Teilnehmer bilden eine Linie, knien ab und stimmen sich kurz mit geschlossenen Augen aufs Training ein.Es folgen verschiedene Verbeugungen. Dann beginnt das Training, stets mit 15 bis 30 Minuten Einw\u00e4rmen, Kraft\u00fcbungen und einfachen Techniken.<\/p>\n<p>Eine Stunde lang trainieren wir dann Kihon, Kata und Kumite in verschiedenen Formen.<\/p>\n<p>Am Ende des Trainings gibt\u2019s nochmals einige Kraft\u00fcbungen und ein Dehnen des ganzen K\u00f6rpers. Das Training endet mit dem gleichen Zeremoniell, wie es begonnen hat. Nach dem regul\u00e4ren Training bleibt das Dojo in der Regel noch eine gewisse Zeit offen, da meist noch jemand privat weitertrainiert.<\/p>\n<p>[\/et_pb_text][\/et_pb_column][et_pb_column type=&#8220;1_2&#8243; _builder_version=&#8220;4.20.0&#8243; _module_preset=&#8220;default&#8220; global_colors_info=&#8220;{}&#8220;][et_pb_gallery gallery_ids=&#8220;6426,2715,2649&#8243; fullwidth=&#8220;on&#8220; _builder_version=&#8220;4.20.0&#8243; _module_preset=&#8220;default&#8220; animation_style=&#8220;fade&#8220; animation_delay=&#8220;100ms&#8220; global_colors_info=&#8220;{}&#8220;][\/et_pb_gallery][\/et_pb_column][\/et_pb_row][\/et_pb_section]<\/p>\n","protected":false},"excerpt":{"rendered":"<p>TrainingDas Training folgt einigen Regeln, ist aber eigentlich nicht festgelegt und wird spannend und abwechslungsreich gestaltet. Das Training beginnt und endet mit einer Begr\u00fcssungszeremonie, die Teilnehmer bilden eine Linie, knien ab und stimmen sich kurz mit geschlossenen Augen aufs Training ein.Es folgen verschiedene Verbeugungen. Dann beginnt das Training, stets mit 15 bis 30 Minuten Einw\u00e4rmen, [&hellip;]<\/p>\n","protected":false},"author":3,"featured_media":0,"parent":255,"menu_order":0,"comment_status":"closed","ping_status":"closed","template":"","meta":{"_et_pb_use_builder":"on","_et_pb_old_content":"<a href=\"https:\/\/karate-belp.ch\/wp-content\/uploads\/2012\/04\/karate-R_2.jpg\"><img class=\"alignright size-thumbnail wp-image-163\" title=\"karate-R_2\" src=\"https:\/\/karate-belp.ch\/wp-content\/uploads\/2012\/04\/karate-R_2-150x136.jpg\" alt=\"\" width=\"150\" height=\"136\" \/><\/a>Das Training folgt einigen Regeln, ist aber eigentlich nicht festgelegt und wird spannend und abwechslungsreich gestaltet.\r\n\r\nDas Training beginnt und endet mit einer Begr\u00fcssungszeremonie, die Teilnehmer bilden eine Linie, knien ab und stimmen sich kurz mit geschlossenen Augen aufs Training ein.Es folgen verschiedene Verbeugungen. Dann beginnt das Training, stets mit 15 bis 30 Minuten Einw\u00e4rmen, Kraft\u00fcbungen und einfachen Techniken.\r\n\r\nEine Stunde lang trainieren wir dann Kihon, Kata und Kumite in verschiedenen Formen.\r\n\r\nAm Ende des Trainings gibt\u2019s nochmals einige Kraft\u00fcbungen und ein Dehnen des ganzen K\u00f6rpers. Das Training endet mit dem gleichen Zeremoniell, wie es begonnen hat. Nach dem regul\u00e4ren Training bleibt das Dojo in der Regel noch eine gewisse Zeit offen, da meist noch jemand privat weitertrainiert.","_et_gb_content_width":"","footnotes":""},"class_list":["post-296","page","type-page","status-publish","hentry"],"_links":{"self":[{"href":"https:\/\/karate-belp.ch\/index.php?rest_route=\/wp\/v2\/pages\/296","targetHints":{"allow":["GET"]}}],"collection":[{"href":"https:\/\/karate-belp.ch\/index.php?rest_route=\/wp\/v2\/pages"}],"about":[{"href":"https:\/\/karate-belp.ch\/index.php?rest_route=\/wp\/v2\/types\/page"}],"author":[{"embeddable":true,"href":"https:\/\/karate-belp.ch\/index.php?rest_route=\/wp\/v2\/users\/3"}],"replies":[{"embeddable":true,"href":"https:\/\/karate-belp.ch\/index.php?rest_route=%2Fwp%2Fv2%2Fcomments&post=296"}],"version-history":[{"count":7,"href":"https:\/\/karate-belp.ch\/index.php?rest_route=\/wp\/v2\/pages\/296\/revisions"}],"predecessor-version":[{"id":7373,"href":"https:\/\/karate-belp.ch\/index.php?rest_route=\/wp\/v2\/pages\/296\/revisions\/7373"}],"up":[{"embeddable":true,"href":"https:\/\/karate-belp.ch\/index.php?rest_route=\/wp\/v2\/pages\/255"}],"wp:attachment":[{"href":"https:\/\/karate-belp.ch\/index.php?rest_route=%2Fwp%2Fv2%2Fmedia&parent=296"}],"curies":[{"name":"wp","href":"https:\/\/api.w.org\/{rel}","templated":true}]}}