{"id":7408,"date":"2023-03-06T14:16:15","date_gmt":"2023-03-06T12:16:15","guid":{"rendered":"https:\/\/karate-belp.ch\/?page_id=7408"},"modified":"2023-03-06T14:16:15","modified_gmt":"2023-03-06T12:16:15","slug":"karate","status":"publish","type":"page","link":"https:\/\/karate-belp.ch\/?page_id=7408","title":{"rendered":"Karate"},"content":{"rendered":"<p>[et_pb_section fb_built=&#8220;1&#8243; admin_label=&#8220;\u00fcber Karate&#8220; _builder_version=&#8220;4.20.0&#8243; background_color=&#8220;#fbfcfd&#8220; custom_padding=&#8220;0|0px|54px|0px|false|false&#8220; collapsed=&#8220;off&#8220; global_colors_info=&#8220;{}&#8220;][et_pb_row _builder_version=&#8220;4.16&#8243; global_colors_info=&#8220;{}&#8220;][et_pb_column type=&#8220;4_4&#8243; _builder_version=&#8220;4.16&#8243; custom_padding=&#8220;|||&#8220; global_colors_info=&#8220;{}&#8220; custom_padding__hover=&#8220;|||&#8220;][et_pb_image src=&#8220;https:\/\/karate-belp.ch\/wp-content\/uploads\/cropped-cropped-cropped-cropped-logo-mit-Text-lang-trans-1-1.png&#8220; title_text=&#8220;cropped-cropped-cropped-cropped-logo-mit-Text-lang-trans-1-1.png&#8220; align=&#8220;right&#8220; admin_label=&#8220;Logorechts&#8220; _builder_version=&#8220;4.20.0&#8243; _module_preset=&#8220;default&#8220; z_index=&#8220;500&#8243; width=&#8220;12%&#8220; global_colors_info=&#8220;{}&#8220;][\/et_pb_image][et_pb_post_nav in_same_term=&#8220;off&#8220; _builder_version=&#8220;4.20.0&#8243; _module_preset=&#8220;default&#8220; global_colors_info=&#8220;{}&#8220;][\/et_pb_post_nav][et_pb_menu _builder_version=&#8220;4.20.0&#8243; _module_preset=&#8220;default&#8220; global_colors_info=&#8220;{}&#8220;][\/et_pb_menu][et_pb_divider color=&#8220;#ff4c00&#8243; divider_weight=&#8220;2px&#8220; _builder_version=&#8220;4.16&#8243; max_width=&#8220;140px&#8220; module_alignment=&#8220;left&#8220; height=&#8220;10px&#8220; custom_margin=&#8220;|||&#8220; animation_style=&#8220;fade&#8220; locked=&#8220;off&#8220; global_colors_info=&#8220;{}&#8220;][\/et_pb_divider][et_pb_text admin_label=&#8220;probetraining title&#8220; _builder_version=&#8220;4.20.0&#8243; text_font=&#8220;||||||||&#8220; header_font=&#8220;||||||||&#8220; header_2_font=&#8220;Oswald|700|on|on|||||&#8220; header_2_font_size=&#8220;14vw&#8220; header_2_letter_spacing=&#8220;0.18em&#8220; background_layout=&#8220;dark&#8220; custom_margin_tablet=&#8220;|||0vw&#8220; custom_margin_phone=&#8220;||&#8220; custom_margin_last_edited=&#8220;off|desktop&#8220; animation_style=&#8220;slide&#8220; animation_direction=&#8220;left&#8220; animation_delay=&#8220;100ms&#8220; animation_intensity_slide=&#8220;10%&#8220; hover_enabled=&#8220;0&#8243; header_2_font_size_tablet=&#8220;7.5vw&#8220; header_2_font_size_last_edited=&#8220;off|desktop&#8220; header_2_text_shadow_style=&#8220;preset3&#8243; header_2_text_shadow_horizontal_length=&#8220;-0.14em&#8220; header_2_text_shadow_vertical_length=&#8220;0.1em&#8220; header_2_text_shadow_blur_strength=&#8220;0.8em&#8220; header_2_text_shadow_color=&#8220;rgba(149,173,193,0.46)&#8220; locked=&#8220;off&#8220; global_colors_info=&#8220;{}&#8220; custom_margin__hover_enabled=&#8220;on&#8220; custom_margin__hover=&#8220;|||5px&#8220; sticky_enabled=&#8220;0&#8243;]<\/p>\n<h3><span style=\"color: #ff9900;\">Mehr \u00fcber Karate<\/span><\/h3>\n<p>[\/et_pb_text][et_pb_text admin_label=&#8220;Gurt binden Title&#8220; _builder_version=&#8220;4.20.0&#8243; text_font=&#8220;||||||||&#8220; ul_font=&#8220;||||||||&#8220; ol_font=&#8220;||||||||&#8220; header_font=&#8220;||||||||&#8220; header_2_font=&#8220;||||||||&#8220; header_3_font=&#8220;Oswald||on|on|||||&#8220; header_3_font_size=&#8220;12px&#8220; header_3_letter_spacing=&#8220;7px&#8220; header_3_line_height=&#8220;1.6em&#8220; header_4_font=&#8220;||||||||&#8220; header_5_font=&#8220;||||||||&#8220; header_6_font=&#8220;||||||||&#8220; custom_margin=&#8220;||0px|40px&#8220; custom_margin_tablet=&#8220;&#8220; custom_margin_phone=&#8220;|||0px&#8220; custom_margin_last_edited=&#8220;on|phone&#8220; custom_padding=&#8220;|5vw||&#8220; custom_padding_tablet=&#8220;&#8220; custom_padding_phone=&#8220;|0vw||&#8220; custom_padding_last_edited=&#8220;on|phone&#8220; animation_style=&#8220;slide&#8220; animation_direction=&#8220;left&#8220; animation_delay=&#8220;250ms&#8220; animation_intensity_slide=&#8220;10%&#8220; hover_enabled=&#8220;0&#8243; header_3_font_size_tablet=&#8220;4vw&#8220; header_3_font_size_last_edited=&#8220;off|desktop&#8220; locked=&#8220;off&#8220; global_colors_info=&#8220;{}&#8220; header_font_size__hover=&#8220;30px&#8220; header_font_size__hover_enabled=&#8220;30px&#8220; header_letter_spacing__hover=&#8220;0px&#8220; header_letter_spacing__hover_enabled=&#8220;0px&#8220; header_text_shadow_style__hover=&#8220;none&#8220; header_text_shadow_style__hover_enabled=&#8220;none&#8220; header_text_shadow_color__hover=&#8220;rgba(0,0,0,0.4)&#8220; header_text_shadow_color__hover_enabled=&#8220;rgba(0,0,0,0.4)&#8220; sticky_enabled=&#8220;0&#8243;]<\/p>\n<h3>Weisst du schon&#8230;<\/h3>\n<p>&nbsp;<\/p>\n<p>[\/et_pb_text][et_pb_accordion _builder_version=&#8220;4.20.0&#8243; _module_preset=&#8220;default&#8220; global_colors_info=&#8220;{}&#8220; theme_builder_area=&#8220;post_content&#8220;][et_pb_accordion_item title=&#8220;Was ist Karate?&#8220; open=&#8220;on&#8220; _builder_version=&#8220;4.20.0&#8243; _module_preset=&#8220;default&#8220; global_colors_info=&#8220;{}&#8220; theme_builder_area=&#8220;post_content&#8220;]<\/p>\n<p><strong>Karate<\/strong>\u00a0 (jap. ??, dt. \u201eleere Hand\u201c) ist eine Kampfkunst, deren Geschichte sich sicher bis ins Okinawa des 19. Jahrhunderts zur\u00fcckverfolgen l\u00e4sst, wo einheimische okinawanische Traditionen (T?de) mit chinesischen (Shaolin Quanfa) und japanischen Einfl\u00fcssen (Yawara, Koryu Ju Jutsu, Bujutsu) verschmolzen. Zu Beginn des 20. Jahrhunderts fand sie ihren Weg nach Japan und wurde nach dem Zweiten Weltkrieg von dort \u00fcber die ganze Welt verbreitet.<\/p>\n<p>Inhaltlich wird Karate durch waffenlose Techniken charakterisiert, vor allem Schlag-, Sto\u00df-, Tritt- und Blocktechniken sowie Fu\u00dffegetechniken. Diese Technikkategorie bildet den Kern des Karatetrainings. Einige wenige Hebel und W\u00fcrfe werden (nach ausreichender Beherrschung der Grundtechniken) ebenfalls gelehrt, im fortgeschrittenen Training werden auch W\u00fcrgegriffe und Nervenpunkttechniken ge\u00fcbt. Manchmal wird die Anwendung von Techniken unter Zuhilfenahme von Kobud?waffen ge\u00fcbt, wobei das Waffentraining kein integraler Bestandteil des Karate ist. Jedoch ist die Kenntnis einiger Karatetechniken f\u00fcr das Erlernen von Kobud? hilfreich, da das Kobud? zum Beispiel viele Kampfstellungen beinhaltet, die auch im Karate angewendet werden.<\/p>\n<p>Recht hoher Wert wird meistens auf die k\u00f6rperliche Kondition gelegt, die heutzutage insbesondere Beweglichkeit, Schnellkraft und anaerobe Belastbarkeit zum Ziel hat. Die Abh\u00e4rtung der Gliedma\u00dfen u. a. mit dem Ziel des Bruchtests (jap.<span>\u00a0<\/span><em>Tameshiwari<\/em>), also des Zerschlagens von Brettern oder Ziegeln, ist heute weniger popul\u00e4r, wird aber von Einzelnen immer noch betrieben.<\/p>\n<p>Das moderne Karate-Training ist h\u00e4ufig eher sportlich orientiert. Das hei\u00dft, dass dem Wettkampf eine gro\u00dfe Bedeutung zukommt. Diese Orientierung wird h\u00e4ufig kritisiert, da man glaubt, dass dadurch die Vermittlung effektiver Selbstverteidigungstechniken, die durchaus zum Karate geh\u00f6ren, eingeschr\u00e4nkt wird. Man w\u00fcrde in erster Linie Techniken trainieren, die beim sportlichen \u201eSpiel\u201c um den Sieg Punkte bringen, wobei nur diejenigen Techniken erlaubt sind, die scheinbar leichter zu kontrollieren sind, da jede Technik vor dem Ziel abgestoppt werden muss, um Verletzungen auszuschlie\u00dfen. Techniken, die in einer realen Kampfsituation Verwendung finden w\u00fcrden (Ellenbogenschl\u00e4ge etc.), werden als \u201eunsportlich\u201c und \u201eschwer kontrollierbar\u201c eingestuft. Viele Karatemeister hegen die Bef\u00fcrchtung, dass dadurch die Gefahr besteht, dass das Karate verw\u00e4ssert wird, da viele der Karatetechniken von den Trainern kaum oder auch gar nicht mehr gelehrt werden.<\/p>\n<p>(Quelle: Wikipedia)<\/p>\n<p>[\/et_pb_accordion_item][et_pb_accordion_item title=&#8220;Ursprung&#8220; _builder_version=&#8220;4.20.0&#8243; _module_preset=&#8220;default&#8220; global_colors_info=&#8220;{}&#8220; theme_builder_area=&#8220;post_content&#8220; open=&#8220;off&#8220;]<\/p>\n<p>Die Legende erz\u00e4hlt, dass der buddhistische M\u00f6nch Daruma Taishi (Bodhidharma) aus Kanchipuram (S\u00fcdindien) im 6. Jahrhundert das Kloster Shaolin (jap. Shorinji) erreicht und dort nicht nur den Ch\u2019an (Zen)-Buddhismus begr\u00fcndet, sondern die M\u00f6nche auch in k\u00f6rperlichen \u00dcbungen unterwiesen habe, damit sie das lange Meditieren aushalten konnten. So sei das Shaolin Kung Fu entstanden, aus dem sich dann viele andere chinesische Kampfkunststile (Wushu) entwickelt h\u00e4tten.<\/p>\n<p>Da Karate um seine chinesischen Wurzeln wei\u00df, betrachtet es sich ebenfalls gerne als Nachfahren jener Tradition (Chan, Bodhidharma, Shaolin), deren Historizit\u00e4t im Dunkeln liegt und unter Historikern umstritten ist. Trotzdem ziert das Bildnis von Daruma so manches Dojo.<\/p>\n<p>(Quelle: Wikipedia)<\/p>\n<p>[\/et_pb_accordion_item][et_pb_accordion_item title=&#8220;Stilrichtungen&#8220; _builder_version=&#8220;4.20.0&#8243; _module_preset=&#8220;default&#8220; global_colors_info=&#8220;{}&#8220; theme_builder_area=&#8220;post_content&#8220; open=&#8220;off&#8220;]<\/p>\n<p>Das japanische Karate teilt sich heute in vier gro\u00dfe Stilrichtungen, n\u00e4mlich Goju-Ryu, Shotokan, Shito-Ryu und Wado-Ryu auf, die ihrerseits auf zwei ebenfalls recht verbreitete okinawanische Stile, Shorei-Ryu und Shorin-Ryu, zur\u00fcckgehen. Viele kleinere neuere Stilrichtungen begr\u00fcnden sich aus einer oder mehreren dieser sechs Schulen.<\/p>\n<p>Aber auch urspr\u00fcngliche Stile wie z. B. Uechi-ryu werden heute noch betrieben.<\/p>\n<p>(Quelle: Wikipedia)<\/p>\n<p>[\/et_pb_accordion_item][et_pb_accordion_item title=&#8220;Etikette (Benimmregeln)&#8220; _builder_version=&#8220;4.20.0&#8243; _module_preset=&#8220;default&#8220; global_colors_info=&#8220;{}&#8220; theme_builder_area=&#8220;post_content&#8220; open=&#8220;off&#8220;]<\/p>\n<p>Es gibt im Karatetraining eine hierarchische Unterscheidung: Neben dem<span>\u00a0<\/span><em>Sensei<\/em>, dem Lehrer, gibt es die Sempai und Kohai.<\/p>\n<p>Jedes Karatetraining beginnt und endet traditionell mit einer kurzen Meditation (<em>Mokuso<\/em>). Dies soll auch den friedfertigen Zweck der \u00dcbungen zum Ausdruck bringen. Die kurze Meditation l\u00e4sst auf die Tradition des Karate als Weglehre schlie\u00dfen, auch wenn das heutige Training nach modernen sportlichen Gesichtspunkten (so z. B. als Fitness- oder Wettkampftraining), und nicht als \u00dcbung des Weges (im Sinne des klassischen Karated?) ausgerichtet ist. Auch beginnt und endet jedes Karatetraining, jede \u00dcbung und jede Kata mit einem Gru\u00df. Dadurch wird das erste Prinzip der 20 Regeln von Gichin Funakoshi zum Ausdruck gebracht: \u201e<em>karate wa rei ni hajimari rei ni owaru koto<\/em>\u201c \u2013 \u201e<strong>Karate beginnt und endet mit Respekt!<\/strong>\u201c<\/p>\n<p>Die herausragende Respekterweisung gegen\u00fcber dem Meister \u00e4u\u00dfert sich mitunter in kurios anmutenden Regeln. So wird es etwa als unh\u00f6flich angesehen, hinter dem R\u00fccken des Meisters zu gehen. Diese wurzelt keineswegs in der Vorstellung, hinterr\u00fccks angegriffen zu werden, sondern im Gedanken, dass ein \u201eVorbei-Schleichen\u201c auf eine mangelhafte Lehrer-Sch\u00fcler-Beziehung (da mangelnde W\u00fcrdigung) schlie\u00dfen l\u00e4sst.<\/p>\n<p>In vielen Dojos ist es \u00fcblich, vor Betreten und Verlassen der Halle die darin Versammelten mit einer kurzen Verbeugung zu begr\u00fc\u00dfen, eventuell wird auch der Shomen des Dojo mit einer weiteren kurzen Verbeugung beim Betreten und Verlassen gegr\u00fc\u00dft.<\/p>\n<p>Danach wird gemeinsam eine rituelle Gru\u00dfzeremonie (Rei) durchgef\u00fchrt, in der sich Sch\u00fcler und Meister voreinander und vor den alten Meistern und Vorfahren (im Geiste, repr\u00e4sentiert an der Stirnseite, dem Shomen des Dojo) verneigen.<\/p>\n<p>W\u00e4hrend der Begr\u00fc\u00dfungszeremonie gelten ungeschriebene Regeln<\/p>\n<p>(Quelle: Wikipedia)<\/p>\n<p>[\/et_pb_accordion_item][\/et_pb_accordion][\/et_pb_column][\/et_pb_row][\/et_pb_section]<\/p>\n","protected":false},"excerpt":{"rendered":"<p>Mehr \u00fcber KarateWeisst du schon&#8230; &nbsp;Karate\u00a0 (jap. ??, dt. \u201eleere Hand\u201c) ist eine Kampfkunst, deren Geschichte sich sicher bis ins Okinawa des 19. Jahrhunderts zur\u00fcckverfolgen l\u00e4sst, wo einheimische okinawanische Traditionen (T?de) mit chinesischen (Shaolin Quanfa) und japanischen Einfl\u00fcssen (Yawara, Koryu Ju Jutsu, Bujutsu) verschmolzen. Zu Beginn des 20. Jahrhunderts fand sie ihren Weg nach Japan [&hellip;]<\/p>\n","protected":false},"author":3,"featured_media":0,"parent":0,"menu_order":0,"comment_status":"closed","ping_status":"closed","template":"","meta":{"_et_pb_use_builder":"on","_et_pb_old_content":"","_et_gb_content_width":"","footnotes":""},"class_list":["post-7408","page","type-page","status-publish","hentry"],"_links":{"self":[{"href":"https:\/\/karate-belp.ch\/index.php?rest_route=\/wp\/v2\/pages\/7408","targetHints":{"allow":["GET"]}}],"collection":[{"href":"https:\/\/karate-belp.ch\/index.php?rest_route=\/wp\/v2\/pages"}],"about":[{"href":"https:\/\/karate-belp.ch\/index.php?rest_route=\/wp\/v2\/types\/page"}],"author":[{"embeddable":true,"href":"https:\/\/karate-belp.ch\/index.php?rest_route=\/wp\/v2\/users\/3"}],"replies":[{"embeddable":true,"href":"https:\/\/karate-belp.ch\/index.php?rest_route=%2Fwp%2Fv2%2Fcomments&post=7408"}],"version-history":[{"count":3,"href":"https:\/\/karate-belp.ch\/index.php?rest_route=\/wp\/v2\/pages\/7408\/revisions"}],"predecessor-version":[{"id":7412,"href":"https:\/\/karate-belp.ch\/index.php?rest_route=\/wp\/v2\/pages\/7408\/revisions\/7412"}],"wp:attachment":[{"href":"https:\/\/karate-belp.ch\/index.php?rest_route=%2Fwp%2Fv2%2Fmedia&parent=7408"}],"curies":[{"name":"wp","href":"https:\/\/api.w.org\/{rel}","templated":true}]}}